{"id":2435,"date":"2021-06-10T22:14:54","date_gmt":"2021-06-11T03:14:54","guid":{"rendered":"https:\/\/haciendadelmar.net\/?page_id=2435"},"modified":"2021-06-10T22:14:54","modified_gmt":"2021-06-11T03:14:54","slug":"whale-sighting","status":"publish","type":"page","link":"https:\/\/haciendadelmar.net\/es\/whale-sighting\/","title":{"rendered":"Avistamiento de ballenas"},"content":{"rendered":"<p>La temporada de avistamiento de ballenas en Panam\u00e1 se extiende de julio a octubre. Las ballenas migran a aguas paname\u00f1as en el Pac\u00edfico para aparearse y cuidar a las peque\u00f1as ballenas mientras las preparan para su regreso.<\/p>\n<p>Siendo el Archipi\u00e9lago de Las Perlas el escenario perfecto para ver una tremenda majestuosidad. Una aventura \u00fanica que puedes solicitar en nuestras instalaciones para disfrutar del tour de avistamiento.<\/p>\n<p>Contamos con un personal experto que lo llevar\u00e1 a ver las ballenas jorobadas y podr\u00e1 tomar fotos y videos. Incluye bebidas para refrescarse.<\/p>\n<p>Duraci\u00f3n: 2 horas de viaje<\/p>\n<p>Precio: $ 85 por persona con un m\u00e1ximo de 6 personas<\/p>\n<p>Estos precios no incluyen el 7% de ITBMS, El cual ser\u00e1 agregado al final de la estad\u00eda.<br \/>\nen su facturaci\u00f3n<\/p>","protected":false},"excerpt":{"rendered":"<p>The whale watching season in Panama runs from July to October. The whales migrate to Panamanian waters in the Pacific to mate and care for the small whales while preparing them for their return. Being the Archipelago of Las Perlas the perfect setting to see tremendous majesty. A unique adventure that you can request at [&hellip;]<\/p>","protected":false},"author":1,"featured_media":0,"parent":0,"menu_order":0,"comment_status":"closed","ping_status":"closed","template":"","meta":{"footnotes":""},"class_list":["post-2435","page","type-page","status-publish","hentry"],"_links":{"self":[{"href":"https:\/\/haciendadelmar.net\/es\/wp-json\/wp\/v2\/pages\/2435","targetHints":{"allow":["GET"]}}],"collection":[{"href":"https:\/\/haciendadelmar.net\/es\/wp-json\/wp\/v2\/pages"}],"about":[{"href":"https:\/\/haciendadelmar.net\/es\/wp-json\/wp\/v2\/types\/page"}],"author":[{"embeddable":true,"href":"https:\/\/haciendadelmar.net\/es\/wp-json\/wp\/v2\/users\/1"}],"replies":[{"embeddable":true,"href":"https:\/\/haciendadelmar.net\/es\/wp-json\/wp\/v2\/comments?post=2435"}],"version-history":[{"count":2,"href":"https:\/\/haciendadelmar.net\/es\/wp-json\/wp\/v2\/pages\/2435\/revisions"}],"predecessor-version":[{"id":2437,"href":"https:\/\/haciendadelmar.net\/es\/wp-json\/wp\/v2\/pages\/2435\/revisions\/2437"}],"wp:attachment":[{"href":"https:\/\/haciendadelmar.net\/es\/wp-json\/wp\/v2\/media?parent=2435"}],"curies":[{"name":"wp","href":"https:\/\/api.w.org\/{rel}","templated":true}]}}