{"id":2438,"date":"2021-06-10T22:18:20","date_gmt":"2021-06-11T03:18:20","guid":{"rendered":"https:\/\/haciendadelmar.net\/?page_id=2438"},"modified":"2021-06-10T22:18:20","modified_gmt":"2021-06-11T03:18:20","slug":"island-tours-by-car","status":"publish","type":"page","link":"https:\/\/haciendadelmar.net\/es\/island-tours-by-car\/","title":{"rendered":"Tour por la isla en auto"},"content":{"rendered":"<p>Recorrido por la inmensa red de carreteras que entrelazan los diferentes puntos<br \/>\npreponderante de la isla, visitando playas y miradores de nuestro magn\u00edfico<br \/>\nFlora y fauna. Pod\u00edas ver ciervos, jabal\u00edes, iguanas, conejos \u00f1eques,<br \/>\ngarzas, cocalecas, palomas, loros de cola blanca, pelirroja y de cabeza amarilla, entre otros<br \/>\nm\u00e1s<\/p>\n<p>Duraci\u00f3n: 1 1\/2 horas<\/p>\n<ul>\n<li>Hasta 4 personas $ 30.00 cada una<\/li>\n<li>Hasta 8 personas (o m\u00e1s de cinco) $ 20.00 cada una<\/li>\n<\/ul>\n<p>Min. 2 personas<\/p>\n<p>&nbsp;<\/p>\n<p class=\"translation-block\">Estos precios no incluyen el 7% de ITBMS, El cual ser\u00e1 agregado al final de la estad\u00eda.<\/p>","protected":false},"excerpt":{"rendered":"<p>Tour of the immense network of roads that intertwine the different points preponderant of the island, visiting beaches and observation centers of our magnificent Flora and fauna. You could see deer, wild pigs, iguanas, \u00f1eques rabbits, herons, cocalecas, pigeons, pigeons, white-tailed, red-headed and yellow-headed parrots, and others more. Duration: 1 1\/2 Hours Up to 4 [&hellip;]<\/p>","protected":false},"author":1,"featured_media":0,"parent":0,"menu_order":0,"comment_status":"closed","ping_status":"closed","template":"","meta":{"footnotes":""},"class_list":["post-2438","page","type-page","status-publish","hentry"],"_links":{"self":[{"href":"https:\/\/haciendadelmar.net\/es\/wp-json\/wp\/v2\/pages\/2438","targetHints":{"allow":["GET"]}}],"collection":[{"href":"https:\/\/haciendadelmar.net\/es\/wp-json\/wp\/v2\/pages"}],"about":[{"href":"https:\/\/haciendadelmar.net\/es\/wp-json\/wp\/v2\/types\/page"}],"author":[{"embeddable":true,"href":"https:\/\/haciendadelmar.net\/es\/wp-json\/wp\/v2\/users\/1"}],"replies":[{"embeddable":true,"href":"https:\/\/haciendadelmar.net\/es\/wp-json\/wp\/v2\/comments?post=2438"}],"version-history":[{"count":1,"href":"https:\/\/haciendadelmar.net\/es\/wp-json\/wp\/v2\/pages\/2438\/revisions"}],"predecessor-version":[{"id":2439,"href":"https:\/\/haciendadelmar.net\/es\/wp-json\/wp\/v2\/pages\/2438\/revisions\/2439"}],"wp:attachment":[{"href":"https:\/\/haciendadelmar.net\/es\/wp-json\/wp\/v2\/media?parent=2438"}],"curies":[{"name":"wp","href":"https:\/\/api.w.org\/{rel}","templated":true}]}}