{"id":2442,"date":"2021-06-10T22:23:49","date_gmt":"2021-06-11T03:23:49","guid":{"rendered":"https:\/\/haciendadelmar.net\/?page_id=2442"},"modified":"2021-06-10T22:23:49","modified_gmt":"2021-06-11T03:23:49","slug":"scubadiving-tours","status":"publish","type":"page","link":"https:\/\/haciendadelmar.net\/es\/scubadiving-tours\/","title":{"rendered":"Tours de Scubadiving"},"content":{"rendered":"<p>Isla San Jos\u00e9 es reconocida como uno de los mejores lugares para ver especies pel\u00e1gicas, especialmente tiburones martillo, tiburones punta blanca, tiburones ballena as\u00ed como otras grandes especies t\u00edpicas del Oc\u00e9ano Pac\u00edfico seg\u00fan temporada.<\/p>\n<p>Tambi\u00e9n es una gran oportunidad para ver tortugas mantarraya y bancos de peces con excelente visibilidad.<\/p>\n<p>* La tarifa var\u00eda seg\u00fan la cantidad de inmersiones, cantidad de personas y cantidad de d\u00edas en que se desea realizar esta actividad. Debe ser planificado con al menos 2 semanas de antelaci\u00f3n. Es importante que los buzos est\u00e9n certificados y acompa\u00f1ados de un Dive Mater de buceo siempre (Nosotros le coordinamos el servicio de Dive Master). Tambi\u00e9n se necesita copia del certificado de buceo.<\/p>","protected":false},"excerpt":{"rendered":"<p>Isla San Jos\u00e9 is recognized as one of the best places to see pelagic species, especially hammerhead sharks, white tip sharks, whale sharks as well as other large species typical of the Pacific Ocean according to season. It is also a great opportunity to see stingray turtles and fish schools with excellent visibility. * The [&hellip;]<\/p>","protected":false},"author":1,"featured_media":0,"parent":0,"menu_order":0,"comment_status":"closed","ping_status":"closed","template":"","meta":{"footnotes":""},"class_list":["post-2442","page","type-page","status-publish","hentry"],"_links":{"self":[{"href":"https:\/\/haciendadelmar.net\/es\/wp-json\/wp\/v2\/pages\/2442","targetHints":{"allow":["GET"]}}],"collection":[{"href":"https:\/\/haciendadelmar.net\/es\/wp-json\/wp\/v2\/pages"}],"about":[{"href":"https:\/\/haciendadelmar.net\/es\/wp-json\/wp\/v2\/types\/page"}],"author":[{"embeddable":true,"href":"https:\/\/haciendadelmar.net\/es\/wp-json\/wp\/v2\/users\/1"}],"replies":[{"embeddable":true,"href":"https:\/\/haciendadelmar.net\/es\/wp-json\/wp\/v2\/comments?post=2442"}],"version-history":[{"count":1,"href":"https:\/\/haciendadelmar.net\/es\/wp-json\/wp\/v2\/pages\/2442\/revisions"}],"predecessor-version":[{"id":2443,"href":"https:\/\/haciendadelmar.net\/es\/wp-json\/wp\/v2\/pages\/2442\/revisions\/2443"}],"wp:attachment":[{"href":"https:\/\/haciendadelmar.net\/es\/wp-json\/wp\/v2\/media?parent=2442"}],"curies":[{"name":"wp","href":"https:\/\/api.w.org\/{rel}","templated":true}]}}