{"id":2452,"date":"2021-06-10T22:33:24","date_gmt":"2021-06-11T03:33:24","guid":{"rendered":"https:\/\/haciendadelmar.net\/?page_id=2452"},"modified":"2021-06-10T22:33:24","modified_gmt":"2021-06-11T03:33:24","slug":"atv-rental","status":"publish","type":"page","link":"https:\/\/haciendadelmar.net\/es\/atv-rental\/","title":{"rendered":"Alquiler de motos"},"content":{"rendered":"<p>TOURS ATV<\/p>\n<p>\u00a1Imprescindible! Algunos de los lugares m\u00e1s ex\u00f3ticos y primitivos de todas las Islas de las Perlas existen en la isla de San Jos\u00e9. Realice este recorrido de 1 \u00bd hora en nuestras m\u00e1s de 50 millas de carreteras y senderos en nuestras motocicletas todoterreno de 4 ruedas. Viajar\u00e1 a trav\u00e9s de 14,000 acres de ecosistemas v\u00edrgenes con cruce de selva primaria, monta\u00f1as y r\u00edos, y har\u00e1 paradas en el camino en diferentes playas donde podr\u00e1 nadar y tomar bebidas fr\u00edas y tomar fotograf\u00edas de los majestuosos puntos de la isla. Esta tambi\u00e9n es una excelente manera de ver la vida silvestre (iguanas, jabal\u00edes, ciervos, etc.).<\/p>\n<p>&nbsp;<\/p>\n<p>Se ofrecen recorridos en veh\u00edculos todo terreno todos los d\u00edas.<\/p>\n<p>Duraci\u00f3n: 2 1\/2 horas<\/p>\n<p>Incluye:<\/p>\n<ul>\n<li>Cooler con agua y sodas<\/li>\n<li>1 Gu\u00eda<\/li>\n<\/ul>\n<p>Precio por persona $ 75.00 cada uno<br \/>\nAcompa\u00f1ante $ 35.00 cada uno<br \/>\n* Una (1) persona por motocicleta, excepto ni\u00f1os menores de seis (6) a\u00f1os<br \/>\nacompa\u00f1ado de un adulto.<\/p>\n<p>&nbsp;<\/p>\n<p class=\"translation-block\">Estos precios no incluyen el 7% de ITBMS, El cual ser\u00e1 agregado al final de la estad\u00eda.<\/p>","protected":false},"excerpt":{"rendered":"<p>ATV TOURS A must!!!! Some of the most exotic and primitive spots in all of the Pearl Islands exist on San Jose Island. Take this 2 \u00bd hour tour on our 50+ miles of roads and trails on our all-terrain 4 wheel motorbikes. You will travel through 14,000 acres of pristine ecosystems with primary jungle [&hellip;]<\/p>","protected":false},"author":1,"featured_media":0,"parent":0,"menu_order":0,"comment_status":"closed","ping_status":"closed","template":"","meta":{"footnotes":""},"class_list":["post-2452","page","type-page","status-publish","hentry"],"_links":{"self":[{"href":"https:\/\/haciendadelmar.net\/es\/wp-json\/wp\/v2\/pages\/2452","targetHints":{"allow":["GET"]}}],"collection":[{"href":"https:\/\/haciendadelmar.net\/es\/wp-json\/wp\/v2\/pages"}],"about":[{"href":"https:\/\/haciendadelmar.net\/es\/wp-json\/wp\/v2\/types\/page"}],"author":[{"embeddable":true,"href":"https:\/\/haciendadelmar.net\/es\/wp-json\/wp\/v2\/users\/1"}],"replies":[{"embeddable":true,"href":"https:\/\/haciendadelmar.net\/es\/wp-json\/wp\/v2\/comments?post=2452"}],"version-history":[{"count":1,"href":"https:\/\/haciendadelmar.net\/es\/wp-json\/wp\/v2\/pages\/2452\/revisions"}],"predecessor-version":[{"id":2453,"href":"https:\/\/haciendadelmar.net\/es\/wp-json\/wp\/v2\/pages\/2452\/revisions\/2453"}],"wp:attachment":[{"href":"https:\/\/haciendadelmar.net\/es\/wp-json\/wp\/v2\/media?parent=2452"}],"curies":[{"name":"wp","href":"https:\/\/api.w.org\/{rel}","templated":true}]}}