{"id":2454,"date":"2021-06-10T22:35:02","date_gmt":"2021-06-11T03:35:02","guid":{"rendered":"https:\/\/haciendadelmar.net\/?page_id=2454"},"modified":"2021-06-11T02:25:01","modified_gmt":"2021-06-11T07:25:01","slug":"zafari-tours","status":"publish","type":"page","link":"https:\/\/haciendadelmar.net\/es\/zafari-tours\/","title":{"rendered":"Tours de zafari"},"content":{"rendered":"<p>Especialmente dise\u00f1ado para la observaci\u00f3n de fauna en su h\u00e1bitat natural. Podr\u00eda<br \/>\nobservar animales como: el venado cola blanca, el venado corso (venado brocket blanco -<br \/>\n\u00fanico lugar donde existe esta especie en Centroam\u00e9rica), jabal\u00edes, el<br \/>\noso hormiguero enano (hormiguero enano), boas constrictoras, conejos pintados, \u00d1eques<br \/>\n(spiny rats), owls, and more.<\/p>\n<p>&nbsp;<\/p>\n<p>Duraci\u00f3n: 1, 1\/2 horas<\/p>\n<ul>\n<li>Hasta 4 personas $ 60.00 cada una<\/li>\n<li>Hasta 8 personas (o m\u00e1s de cinco) $ 40.00 cada una<\/li>\n<\/ul>\n<p>&nbsp;<\/p>\n<p class=\"translation-block\">Estos precios no incluyen el 7% de ITBMS, El cual ser\u00e1 agregado al final de la estad\u00eda.<\/p>","protected":false},"excerpt":{"rendered":"<p>Specially designed for the observation of fauna in its natural habitat. It could observe animals such as: the white coli deer, the corso deer (white brocket deer &#8211; only place where this species exists in Central America), wild boars, the dwarf anteater (dwarf ant eater), boas constrictors, painted rabbits, mocangues (spiny rats), owls, and more. [&hellip;]<\/p>","protected":false},"author":1,"featured_media":0,"parent":0,"menu_order":0,"comment_status":"closed","ping_status":"closed","template":"","meta":{"footnotes":""},"class_list":["post-2454","page","type-page","status-publish","hentry"],"_links":{"self":[{"href":"https:\/\/haciendadelmar.net\/es\/wp-json\/wp\/v2\/pages\/2454","targetHints":{"allow":["GET"]}}],"collection":[{"href":"https:\/\/haciendadelmar.net\/es\/wp-json\/wp\/v2\/pages"}],"about":[{"href":"https:\/\/haciendadelmar.net\/es\/wp-json\/wp\/v2\/types\/page"}],"author":[{"embeddable":true,"href":"https:\/\/haciendadelmar.net\/es\/wp-json\/wp\/v2\/users\/1"}],"replies":[{"embeddable":true,"href":"https:\/\/haciendadelmar.net\/es\/wp-json\/wp\/v2\/comments?post=2454"}],"version-history":[{"count":2,"href":"https:\/\/haciendadelmar.net\/es\/wp-json\/wp\/v2\/pages\/2454\/revisions"}],"predecessor-version":[{"id":2464,"href":"https:\/\/haciendadelmar.net\/es\/wp-json\/wp\/v2\/pages\/2454\/revisions\/2464"}],"wp:attachment":[{"href":"https:\/\/haciendadelmar.net\/es\/wp-json\/wp\/v2\/media?parent=2454"}],"curies":[{"name":"wp","href":"https:\/\/api.w.org\/{rel}","templated":true}]}}